{"id":6392,"date":"2023-11-07T09:07:52","date_gmt":"2023-11-07T08:07:52","guid":{"rendered":"https:\/\/www.med-xperience.com\/?page_id=6392"},"modified":"2023-12-15T15:01:29","modified_gmt":"2023-12-15T14:01:29","slug":"mentions-legales","status":"publish","type":"page","link":"https:\/\/www.med-xperience.com\/en\/mentions-legales\/","title":{"rendered":"Mentions L\u00e9gales"},"content":{"rendered":"<div data-elementor-type=\"wp-page\" data-elementor-id=\"6392\" class=\"elementor elementor-6392\" data-elementor-post-type=\"page\">\n\t\t\t\t<div class=\"elementor-element elementor-element-09941e7 e-flex e-con-boxed e-con e-parent\" data-id=\"09941e7\" data-element_type=\"container\">\n\t\t\t\t\t<div class=\"e-con-inner\">\n\t\t\t\t\t<\/div>\n\t\t\t\t<\/div>\n\t\t<div class=\"elementor-element elementor-element-3fc8217 e-flex e-con-boxed e-con e-parent\" data-id=\"3fc8217\" data-element_type=\"container\">\n\t\t\t\t\t<div class=\"e-con-inner\">\n\t\t\t\t<div class=\"elementor-element elementor-element-b12358d elementor-widget elementor-widget-text-editor\" data-id=\"b12358d\" data-element_type=\"widget\" data-widget_type=\"text-editor.default\">\n\t\t\t\t<div class=\"elementor-widget-container\">\n\t\t\t\t\t\t\t\t\t<p>PUBLISHER: MEDYACHT GROUP, Les R\u00e9sidences du Port \u2013 Entr\u00e9e B Avenue du 11<br \/>November 1918, 83 990 Saint-Tropez \u2013 FRANCE.<\/p><p>T\u00e9l : +33(0) 4.94.45.20.84<br \/>R.C.S Fr\u00e9jus 842 800 450 \u2013 TVA FR 41 842 800 450<\/p><p>DEVELOPMENT: MEDIACO LEVAGE, IT &amp; Communication Service, Espace Jean-Jacques Vernazza 17 avenue Andr\u00e9 Roussin 13016 MARSEILLE \u2013 FRANCE.<\/p><p>T\u00e9l : +33(0) 4.91.03.81.91 \u2013 www.mediaco-groupe.com<\/p><p>HOSTING: OVH SAS, 2 Rue Kellermann 59100 Roubaix.<\/p><p>PHOTOS, ILLUSTRATIONS, TEXT: MEDYACHT GROUP along with its partner brands such as: Sunseeker, Beneteau, Saxdor Yachts, Sea Water, Mercury, and Volvo Penta. Any reproduction, in whole or in part, in any form, is prohibited without the prior authorization of the author.<\/p><p>The MED52 and the MED42 are available for rent at our agencies located in Marines de Cogolin and Saint-Tropez.<\/p><p>USER RIGHTS OVER THEIR DATA: In accordance with the Data Protection Act and the regulations applicable to personal data, users of this site have the following rights :<\/p><ul><li>Right of Access<\/li><li>Right of Rectification<\/li><li>Right of Erasure<\/li><li>Right to Limitation<\/li><li>Right to Object<\/li><li>Right to Data Portability<\/li><\/ul><p>You can exercise each of these rights at any time by sending a letter along with valid proof of identity to the following address: MedYacht Group, 69 Avenue du 11 Novembre 1918, 83990 Saint-Tropez.<\/p><p>The service will then intervene as quickly as possible upon receiving your request.<\/p><p>USE OF PERSONAL DATA: MedYacht Group collects and only uses personal data that are essential for the proper functioning of the site and the use of its services. The following elements may involve personal data :<\/p><ul><li>Contact forms<\/li><li>Online boat reservations<\/li><li>Newsletter subscription<\/li><\/ul><p>The entire processing of this data is based on the legal basis of consent, as mentioned in Article 6 of the GDPR (General Data Protection Regulation) (https:\/\/www.cnil.fr\/fr\/reglementeuropeen- protection-donnees\/chapitre2#Article6). This consent is explicitly required in the form of checkboxes on the site's forms. MEDYACHT GROUP informs you that all personal data you may communicate to them through this site is intended solely for authorized company personnel and will not be transmitted to any third parties.<\/p>\t\t\t\t\t\t\t\t<\/div>\n\t\t\t\t<\/div>\n\t\t\t\t\t<\/div>\n\t\t\t\t<\/div>\n\t\t<div class=\"elementor-element elementor-element-149f26f e-flex e-con-boxed e-con e-parent\" data-id=\"149f26f\" data-element_type=\"container\">\n\t\t\t\t\t<div class=\"e-con-inner\">\n\t\t\t\t\t<\/div>\n\t\t\t\t<\/div>\n\t\t\t\t<\/div>","protected":false},"excerpt":{"rendered":"<p>\u00c9DITEUR : MEDYACHT GROUP, Les R\u00e9sidences du Port \u2013 Entr\u00e9e B Avenue du 11Novembre 1918 , 83 990 Saint-Tropez \u2013 FRANCE. T\u00e9l : +33(0) 4.94.45.20.84R.C.S Fr\u00e9jus 842 800 450 \u2013 TVA FR 41 842 800 450 R\u00c9ALISATION : MEDIACO LEVAGE, Service informatique &amp; communication, Espace Jean-Jacques Vernazza 17 avenue Andr\u00e9 Roussin 13016 MARSEILLE \u2013 FRANCE. [&hellip;]<\/p>","protected":false},"author":1,"featured_media":0,"parent":0,"menu_order":0,"comment_status":"closed","ping_status":"closed","template":"page-full-width.php","meta":{"footnotes":""},"class_list":["post-6392","page","type-page","status-publish","hentry"],"yoast_head":"<!-- This site is optimized with the Yoast SEO plugin v24.7 - https:\/\/yoast.com\/wordpress\/plugins\/seo\/ -->\n<title>Mentions L\u00e9gales - MedYacht - medxperience<\/title>\n<meta name=\"robots\" content=\"index, follow, max-snippet:-1, max-image-preview:large, max-video-preview:-1\" \/>\n<link rel=\"canonical\" href=\"https:\/\/www.med-xperience.com\/en\/mentions-legales\/\" \/>\n<meta property=\"og:locale\" content=\"en_GB\" \/>\n<meta property=\"og:type\" content=\"article\" \/>\n<meta property=\"og:title\" content=\"Mentions L\u00e9gales - MedYacht - medxperience\" \/>\n<meta property=\"og:description\" content=\"\u00c9DITEUR : MEDYACHT GROUP, Les R\u00e9sidences du Port \u2013 Entr\u00e9e B Avenue du 11Novembre 1918 , 83 990 Saint-Tropez \u2013 FRANCE. T\u00e9l : +33(0) 4.94.45.20.84R.C.S Fr\u00e9jus 842 800 450 \u2013 TVA FR 41 842 800 450 R\u00c9ALISATION : MEDIACO LEVAGE, Service informatique &amp; communication, Espace Jean-Jacques Vernazza 17 avenue Andr\u00e9 Roussin 13016 MARSEILLE \u2013 FRANCE. [&hellip;]\" \/>\n<meta property=\"og:url\" content=\"https:\/\/www.med-xperience.com\/en\/mentions-legales\/\" \/>\n<meta property=\"og:site_name\" content=\"MedYacht - medxperience\" \/>\n<meta property=\"article:modified_time\" content=\"2023-12-15T14:01:29+00:00\" \/>\n<meta name=\"twitter:card\" content=\"summary_large_image\" \/>\n<meta name=\"twitter:label1\" content=\"Estimated reading time\" \/>\n\t<meta name=\"twitter:data1\" content=\"2 minutes\" \/>\n<script type=\"application\/ld+json\" class=\"yoast-schema-graph\">{\"@context\":\"https:\/\/schema.org\",\"@graph\":[{\"@type\":\"WebPage\",\"@id\":\"https:\/\/www.med-xperience.com\/mentions-legales\/\",\"url\":\"https:\/\/www.med-xperience.com\/mentions-legales\/\",\"name\":\"Mentions L\u00e9gales - MedYacht - medxperience\",\"isPartOf\":{\"@id\":\"https:\/\/www.med-xperience.com\/#website\"},\"datePublished\":\"2023-11-07T08:07:52+00:00\",\"dateModified\":\"2023-12-15T14:01:29+00:00\",\"inLanguage\":\"en-GB\",\"potentialAction\":[{\"@type\":\"ReadAction\",\"target\":[\"https:\/\/www.med-xperience.com\/mentions-legales\/\"]}]},{\"@type\":\"WebSite\",\"@id\":\"https:\/\/www.med-xperience.com\/#website\",\"url\":\"https:\/\/www.med-xperience.com\/\",\"name\":\"MedYacht - medxperience\",\"description\":\"\",\"publisher\":{\"@id\":\"https:\/\/www.med-xperience.com\/#organization\"},\"potentialAction\":[{\"@type\":\"SearchAction\",\"target\":{\"@type\":\"EntryPoint\",\"urlTemplate\":\"https:\/\/www.med-xperience.com\/?s={search_term_string}\"},\"query-input\":{\"@type\":\"PropertyValueSpecification\",\"valueRequired\":true,\"valueName\":\"search_term_string\"}}],\"inLanguage\":\"en-GB\"},{\"@type\":\"Organization\",\"@id\":\"https:\/\/www.med-xperience.com\/#organization\",\"name\":\"MedYacht - medxperience\",\"url\":\"https:\/\/www.med-xperience.com\/\",\"logo\":{\"@type\":\"ImageObject\",\"inLanguage\":\"en-GB\",\"@id\":\"https:\/\/www.med-xperience.com\/#\/schema\/logo\/image\/\",\"url\":\"\",\"contentUrl\":\"\",\"caption\":\"MedYacht - medxperience\"},\"image\":{\"@id\":\"https:\/\/www.med-xperience.com\/#\/schema\/logo\/image\/\"}}]}<\/script>\n<!-- \/ Yoast SEO plugin. -->","yoast_head_json":{"title":"Mentions L\u00e9gales - MedYacht - medxperience","robots":{"index":"index","follow":"follow","max-snippet":"max-snippet:-1","max-image-preview":"max-image-preview:large","max-video-preview":"max-video-preview:-1"},"canonical":"https:\/\/www.med-xperience.com\/en\/mentions-legales\/","og_locale":"en_GB","og_type":"article","og_title":"Mentions L\u00e9gales - MedYacht - medxperience","og_description":"\u00c9DITEUR : MEDYACHT GROUP, Les R\u00e9sidences du Port \u2013 Entr\u00e9e B Avenue du 11Novembre 1918 , 83 990 Saint-Tropez \u2013 FRANCE. T\u00e9l : +33(0) 4.94.45.20.84R.C.S Fr\u00e9jus 842 800 450 \u2013 TVA FR 41 842 800 450 R\u00c9ALISATION : MEDIACO LEVAGE, Service informatique &amp; communication, Espace Jean-Jacques Vernazza 17 avenue Andr\u00e9 Roussin 13016 MARSEILLE \u2013 FRANCE. [&hellip;]","og_url":"https:\/\/www.med-xperience.com\/en\/mentions-legales\/","og_site_name":"MedYacht - medxperience","article_modified_time":"2023-12-15T14:01:29+00:00","twitter_card":"summary_large_image","twitter_misc":{"Estimated reading time":"2 minutes"},"schema":{"@context":"https:\/\/schema.org","@graph":[{"@type":"WebPage","@id":"https:\/\/www.med-xperience.com\/mentions-legales\/","url":"https:\/\/www.med-xperience.com\/mentions-legales\/","name":"Mentions L\u00e9gales - MedYacht - medxperience","isPartOf":{"@id":"https:\/\/www.med-xperience.com\/#website"},"datePublished":"2023-11-07T08:07:52+00:00","dateModified":"2023-12-15T14:01:29+00:00","inLanguage":"en-GB","potentialAction":[{"@type":"ReadAction","target":["https:\/\/www.med-xperience.com\/mentions-legales\/"]}]},{"@type":"WebSite","@id":"https:\/\/www.med-xperience.com\/#website","url":"https:\/\/www.med-xperience.com\/","name":"MedYacht - medxperience","description":"","publisher":{"@id":"https:\/\/www.med-xperience.com\/#organization"},"potentialAction":[{"@type":"SearchAction","target":{"@type":"EntryPoint","urlTemplate":"https:\/\/www.med-xperience.com\/?s={search_term_string}"},"query-input":{"@type":"PropertyValueSpecification","valueRequired":true,"valueName":"search_term_string"}}],"inLanguage":"en-GB"},{"@type":"Organization","@id":"https:\/\/www.med-xperience.com\/#organization","name":"MedYacht - medxperience","url":"https:\/\/www.med-xperience.com\/","logo":{"@type":"ImageObject","inLanguage":"en-GB","@id":"https:\/\/www.med-xperience.com\/#\/schema\/logo\/image\/","url":"","contentUrl":"","caption":"MedYacht - medxperience"},"image":{"@id":"https:\/\/www.med-xperience.com\/#\/schema\/logo\/image\/"}}]}},"_links":{"self":[{"href":"https:\/\/www.med-xperience.com\/en\/wp-json\/wp\/v2\/pages\/6392","targetHints":{"allow":["GET"]}}],"collection":[{"href":"https:\/\/www.med-xperience.com\/en\/wp-json\/wp\/v2\/pages"}],"about":[{"href":"https:\/\/www.med-xperience.com\/en\/wp-json\/wp\/v2\/types\/page"}],"author":[{"embeddable":true,"href":"https:\/\/www.med-xperience.com\/en\/wp-json\/wp\/v2\/users\/1"}],"replies":[{"embeddable":true,"href":"https:\/\/www.med-xperience.com\/en\/wp-json\/wp\/v2\/comments?post=6392"}],"version-history":[{"count":0,"href":"https:\/\/www.med-xperience.com\/en\/wp-json\/wp\/v2\/pages\/6392\/revisions"}],"wp:attachment":[{"href":"https:\/\/www.med-xperience.com\/en\/wp-json\/wp\/v2\/media?parent=6392"}],"curies":[{"name":"wp","href":"https:\/\/api.w.org\/{rel}","templated":true}]}}