{"id":5245,"date":"2023-10-06T10:45:37","date_gmt":"2023-10-06T08:45:37","guid":{"rendered":"https:\/\/www.med-xperience.com\/?page_id=5245"},"modified":"2024-06-07T11:45:49","modified_gmt":"2024-06-07T09:45:49","slug":"la-marque","status":"publish","type":"page","link":"https:\/\/www.med-xperience.com\/en\/la-marque\/","title":{"rendered":"Med Brand"},"content":{"rendered":"<div data-elementor-type=\"wp-page\" data-elementor-id=\"5245\" class=\"elementor elementor-5245\" data-elementor-post-type=\"page\">\n\t\t\t\t<div class=\"elementor-element elementor-element-4becac5 e-flex e-con-boxed e-con e-parent\" data-id=\"4becac5\" data-element_type=\"container\" data-settings=\"{&quot;background_background&quot;:&quot;classic&quot;}\">\n\t\t\t\t\t<div class=\"e-con-inner\">\n\t\t\t\t<div class=\"elementor-element elementor-element-6c6143b elementor-widget elementor-widget-heading\" data-id=\"6c6143b\" data-element_type=\"widget\" data-widget_type=\"heading.default\">\n\t\t\t\t<div class=\"elementor-widget-container\">\n\t\t\t\t\t<h1 class=\"elementor-heading-title elementor-size-default\">MED BRAND<\/h1>\t\t\t\t<\/div>\n\t\t\t\t<\/div>\n\t\t\t\t<div class=\"elementor-element elementor-element-7ae980c elementor-widget elementor-widget-text-editor\" data-id=\"7ae980c\" data-element_type=\"widget\" data-widget_type=\"text-editor.default\">\n\t\t\t\t<div class=\"elementor-widget-container\">\n\t\t\t\t\t\t\t\t\t<p>MedYacht launched its first boat brand in 2012 with the MED48, designed by architect Gilles Vaton.<\/p>\t\t\t\t\t\t\t\t<\/div>\n\t\t\t\t<\/div>\n\t\t\t\t\t<\/div>\n\t\t\t\t<\/div>\n\t\t\t\t<section class=\"elementor-section elementor-top-section elementor-element elementor-element-bf1a296 elementor-section-full_width qodef-elementor-content-grid elementor-section-height-default elementor-section-height-default\" data-id=\"bf1a296\" data-element_type=\"section\" data-settings=\"{&quot;background_background&quot;:&quot;classic&quot;}\">\n\t\t\t\t\t\t<div class=\"elementor-container elementor-column-gap-no\">\n\t\t\t\t\t<div class=\"elementor-column elementor-col-100 elementor-top-column elementor-element elementor-element-1e854da\" data-id=\"1e854da\" data-element_type=\"column\">\n\t\t\t<div class=\"elementor-widget-wrap elementor-element-populated\">\n\t\t\t\t\t\t<div class=\"elementor-element elementor-element-5d194b5 elementor-widget elementor-widget-image\" data-id=\"5d194b5\" data-element_type=\"widget\" data-widget_type=\"image.default\">\n\t\t\t\t<div class=\"elementor-widget-container\">\n\t\t\t\t\t\t\t\t\t\t\t\t\t\t\t<img fetchpriority=\"high\" decoding=\"async\" width=\"768\" height=\"375\" src=\"https:\/\/www.med-xperience.com\/wp-content\/uploads\/2023\/11\/MED42-3d-768x375.webp\" class=\"attachment-medium_large size-medium_large wp-image-6354\" alt=\"\" srcset=\"https:\/\/www.med-xperience.com\/wp-content\/uploads\/2023\/11\/MED42-3d-768x375.webp 768w, https:\/\/www.med-xperience.com\/wp-content\/uploads\/2023\/11\/MED42-3d-300x146.webp 300w, https:\/\/www.med-xperience.com\/wp-content\/uploads\/2023\/11\/MED42-3d-1024x499.webp 1024w, https:\/\/www.med-xperience.com\/wp-content\/uploads\/2023\/11\/MED42-3d.webp 1054w\" sizes=\"(max-width: 768px) 100vw, 768px\" \/>\t\t\t\t\t\t\t\t\t\t\t\t\t\t\t<\/div>\n\t\t\t\t<\/div>\n\t\t\t\t<div class=\"elementor-element elementor-element-f9f204b elementor-widget elementor-widget-seafarer_core_section_title\" data-id=\"f9f204b\" data-element_type=\"widget\" data-widget_type=\"seafarer_core_section_title.default\">\n\t\t\t\t<div class=\"elementor-widget-container\">\n\t\t\t\t\t<div class=\"qodef-shortcode qodef-m  qodef-section-title qodef-alignment--center\">\n\t\t<div class=\"qodef-m-content\">\n\t\t    <span class=\"qodef-m-background-text\" style=\"color: #54595F\">\n    MED BRAND    <\/span>\n\n\t\t    <h6 class=\"qodef-m-subtitle\" style=\"color: #B28C16\">\n    Yacht Builder MedYacht    <\/h6>\n\t\t\t<h2 class=\"qodef-m-title\" style=\"color: #141315\">\n\t\t\t\t\tMED BOATS, FROM DESIGN TO SUCCESS\t\t\t<\/h2>\n\t\t\t<\/div>\n<\/div>\n\t\t\t\t<\/div>\n\t\t\t\t<\/div>\n\t\t\t\t<div class=\"elementor-element elementor-element-ea24e01 elementor-widget elementor-widget-text-editor\" data-id=\"ea24e01\" data-element_type=\"widget\" data-widget_type=\"text-editor.default\">\n\t\t\t\t<div class=\"elementor-widget-container\">\n\t\t\t\t\t\t\t\t\t<p><strong>In 2011<\/strong>, the first boat was presented at\u00a0<strong>the Cannes Yachting Festival,<\/strong>\u00a0responding to the sporty chic yachting trend of the time. The first\u00a0<strong>MED<\/strong>\u00a0quickly won over yachtsmen with its sleek design. The boat's character and fittings are unanimously recognized by the press and public alike.<\/p><p>The first series of\u00a0<strong>MED<\/strong>\u00a0is built in Bahrain and is a great success, selling around ten units.<\/p>\t\t\t\t\t\t\t\t<\/div>\n\t\t\t\t<\/div>\n\t\t\t\t\t<\/div>\n\t\t<\/div>\n\t\t\t\t\t<\/div>\n\t\t<\/section>\n\t\t\t\t<section class=\"elementor-section elementor-top-section elementor-element elementor-element-eaa9b95 elementor-section-full_width elementor-section-height-default elementor-section-height-default qodef-elementor-content-no\" data-id=\"eaa9b95\" data-element_type=\"section\">\n\t\t\t\t\t\t<div class=\"elementor-container elementor-column-gap-default\">\n\t\t\t\t\t<div class=\"elementor-column elementor-col-50 elementor-top-column elementor-element elementor-element-66874e5\" data-id=\"66874e5\" data-element_type=\"column\" data-settings=\"{&quot;background_background&quot;:&quot;classic&quot;}\">\n\t\t\t<div class=\"elementor-widget-wrap elementor-element-populated\">\n\t\t\t\t\t\t<div class=\"elementor-element elementor-element-7e8b13e elementor-widget-divider--view-line elementor-widget elementor-widget-divider\" data-id=\"7e8b13e\" data-element_type=\"widget\" data-widget_type=\"divider.default\">\n\t\t\t\t<div class=\"elementor-widget-container\">\n\t\t\t\t\t\t\t<div class=\"elementor-divider\">\n\t\t\t<span class=\"elementor-divider-separator\">\n\t\t\t\t\t\t<\/span>\n\t\t<\/div>\n\t\t\t\t\t\t<\/div>\n\t\t\t\t<\/div>\n\t\t\t\t\t<\/div>\n\t\t<\/div>\n\t\t\t\t<div class=\"elementor-column elementor-col-50 elementor-top-column elementor-element elementor-element-c45923b\" data-id=\"c45923b\" data-element_type=\"column\" data-settings=\"{&quot;background_background&quot;:&quot;classic&quot;}\">\n\t\t\t<div class=\"elementor-widget-wrap elementor-element-populated\">\n\t\t\t\t\t\t<div class=\"elementor-element elementor-element-c74318f elementor-widget elementor-widget-seafarer_core_section_title\" data-id=\"c74318f\" data-element_type=\"widget\" data-widget_type=\"seafarer_core_section_title.default\">\n\t\t\t\t<div class=\"elementor-widget-container\">\n\t\t\t\t\t<div class=\"qodef-shortcode qodef-m  qodef-section-title qodef-alignment--center\">\n\t\t<div class=\"qodef-m-content\">\n\t\t    <span class=\"qodef-m-background-text\" style=\"color: #B9BABD;opacity: 0.13\">\n    MED52    <\/span>\n\n\t\t    <h6 class=\"qodef-m-subtitle\" >\n    MED52    <\/h6>\n\t\t\t<h2 class=\"qodef-m-title\" style=\"color: #141315\">\n\t\t\t\t\tA LUXURIOUS EXPERIENCE\t\t\t<\/h2>\n\t\t\t<\/div>\n<\/div>\n\t\t\t\t<\/div>\n\t\t\t\t<\/div>\n\t\t\t\t<div class=\"elementor-element elementor-element-e91f61d elementor-widget elementor-widget-text-editor\" data-id=\"e91f61d\" data-element_type=\"widget\" data-widget_type=\"text-editor.default\">\n\t\t\t\t<div class=\"elementor-widget-container\">\n\t\t\t\t\t\t\t\t\t<p>In 2014, we moved production of our boats to Poland, introducing the MED52, with its distinctive design signed by French architect Gilles Vaton. Over 20 units have since been sold. The MED52 offers highly customizable interior layouts.<\/p>\t\t\t\t\t\t\t\t<\/div>\n\t\t\t\t<\/div>\n\t\t\t\t<div class=\"elementor-element elementor-element-1ada27c elementor-widget__width-auto elementor-widget elementor-widget-seafarer_core_button\" data-id=\"1ada27c\" data-element_type=\"widget\" data-widget_type=\"seafarer_core_button.default\">\n\t\t\t\t<div class=\"elementor-widget-container\">\n\t\t\t\t\t<a class=\"qodef-shortcode qodef-m  qodef-button qodef-layout--filled qodef-size--large qodef-html--link\" href=\"\/en\/med52\/\" target=\"_self\" data-hover-color=\"#141315\" data-hover-background-color=\"#FFFFFF00\" data-hover-border-color=\"#141315\" style=\"color: #FFFFFF;background-color: #141315;border-color: #141315\">\n\t<span class=\"qodef-m-text\">DISCOVER THE MED52<\/span>\n<\/a>\n\t\t\t\t<\/div>\n\t\t\t\t<\/div>\n\t\t\t\t\t<\/div>\n\t\t<\/div>\n\t\t\t\t\t<\/div>\n\t\t<\/section>\n\t\t\t\t<section class=\"elementor-section elementor-top-section elementor-element elementor-element-ae13153 elementor-section-full_width elementor-reverse-mobile elementor-reverse-tablet elementor-section-height-default elementor-section-height-default qodef-elementor-content-no\" data-id=\"ae13153\" data-element_type=\"section\">\n\t\t\t\t\t\t<div class=\"elementor-container elementor-column-gap-default\">\n\t\t\t\t\t<div class=\"elementor-column elementor-col-50 elementor-top-column elementor-element elementor-element-4a6c3d2\" data-id=\"4a6c3d2\" data-element_type=\"column\" data-settings=\"{&quot;background_background&quot;:&quot;classic&quot;}\">\n\t\t\t<div class=\"elementor-widget-wrap elementor-element-populated\">\n\t\t\t\t\t\t<div class=\"elementor-element elementor-element-55e3c73 elementor-widget elementor-widget-seafarer_core_section_title\" data-id=\"55e3c73\" data-element_type=\"widget\" data-widget_type=\"seafarer_core_section_title.default\">\n\t\t\t\t<div class=\"elementor-widget-container\">\n\t\t\t\t\t<div class=\"qodef-shortcode qodef-m  qodef-section-title qodef-alignment--center\">\n\t\t<div class=\"qodef-m-content\">\n\t\t    <span class=\"qodef-m-background-text\" style=\"color: #B9BABD;opacity: 0.13\">\n    MED42    <\/span>\n\n\t\t    <h6 class=\"qodef-m-subtitle\" style=\"color: #B28C16\">\n    MED52    <\/h6>\n\t\t\t<h2 class=\"qodef-m-title\" style=\"color: #141315\">\n\t\t\t\t\tEXCELLENCE AT SEA\t\t\t<\/h2>\n\t\t\t<\/div>\n<\/div>\n\t\t\t\t<\/div>\n\t\t\t\t<\/div>\n\t\t\t\t<div class=\"elementor-element elementor-element-5dbf3a8 elementor-widget elementor-widget-text-editor\" data-id=\"5dbf3a8\" data-element_type=\"widget\" data-widget_type=\"text-editor.default\">\n\t\t\t\t<div class=\"elementor-widget-container\">\n\t\t\t\t\t\t\t\t\t<p>In 2021, MedYacht expands its range with the MED42, a 42-foot day-boat combining exceptional quality, competitive pricing and a design signed by naval architect Gilles Vaton and Italian designer Enrico Gobbi. This boat embodies an exceptional sailing experience while embracing contemporary luxury.<\/p>\t\t\t\t\t\t\t\t<\/div>\n\t\t\t\t<\/div>\n\t\t\t\t<div class=\"elementor-element elementor-element-624c10d elementor-widget__width-auto elementor-widget elementor-widget-seafarer_core_button\" data-id=\"624c10d\" data-element_type=\"widget\" data-widget_type=\"seafarer_core_button.default\">\n\t\t\t\t<div class=\"elementor-widget-container\">\n\t\t\t\t\t<a class=\"qodef-shortcode qodef-m  qodef-button qodef-layout--filled qodef-size--large qodef-html--link\" href=\"\/en\/med42\/\" target=\"_self\" data-hover-color=\"#141315\" data-hover-background-color=\"#FFFFFF00\" data-hover-border-color=\"#141315\" style=\"color: #FFFFFF;background-color: #141315;border-color: #141315\">\n\t<span class=\"qodef-m-text\">DISCOVER THE MED42<\/span>\n<\/a>\n\t\t\t\t<\/div>\n\t\t\t\t<\/div>\n\t\t\t\t\t<\/div>\n\t\t<\/div>\n\t\t\t\t<div class=\"elementor-column elementor-col-50 elementor-top-column elementor-element elementor-element-59eccbc\" data-id=\"59eccbc\" data-element_type=\"column\" data-settings=\"{&quot;background_background&quot;:&quot;classic&quot;}\">\n\t\t\t<div class=\"elementor-widget-wrap elementor-element-populated\">\n\t\t\t\t\t\t<div class=\"elementor-element elementor-element-81123ee elementor-widget-divider--view-line elementor-widget elementor-widget-divider\" data-id=\"81123ee\" data-element_type=\"widget\" data-widget_type=\"divider.default\">\n\t\t\t\t<div class=\"elementor-widget-container\">\n\t\t\t\t\t\t\t<div class=\"elementor-divider\">\n\t\t\t<span class=\"elementor-divider-separator\">\n\t\t\t\t\t\t<\/span>\n\t\t<\/div>\n\t\t\t\t\t\t<\/div>\n\t\t\t\t<\/div>\n\t\t\t\t\t<\/div>\n\t\t<\/div>\n\t\t\t\t\t<\/div>\n\t\t<\/section>\n\t\t<div class=\"elementor-element elementor-element-fa80329 e-flex e-con-boxed e-con e-parent\" data-id=\"fa80329\" data-element_type=\"container\" data-settings=\"{&quot;background_background&quot;:&quot;classic&quot;}\">\n\t\t\t\t\t<div class=\"e-con-inner\">\n\t\t\t\t\t<\/div>\n\t\t\t\t<\/div>\n\t\t\t\t<section class=\"elementor-section elementor-top-section elementor-element elementor-element-1b606d5 elementor-section-full_width qodef-elementor-content-grid elementor-section-height-default elementor-section-height-default\" data-id=\"1b606d5\" data-element_type=\"section\" data-settings=\"{&quot;background_background&quot;:&quot;classic&quot;}\">\n\t\t\t\t\t\t<div class=\"elementor-container elementor-column-gap-no\">\n\t\t\t\t\t<div class=\"elementor-column elementor-col-100 elementor-top-column elementor-element elementor-element-f65d175\" data-id=\"f65d175\" data-element_type=\"column\">\n\t\t\t<div class=\"elementor-widget-wrap elementor-element-populated\">\n\t\t\t\t\t\t<div class=\"elementor-element elementor-element-7cd4ef3 elementor-widget elementor-widget-seafarer_core_section_title\" data-id=\"7cd4ef3\" data-element_type=\"widget\" data-widget_type=\"seafarer_core_section_title.default\">\n\t\t\t\t<div class=\"elementor-widget-container\">\n\t\t\t\t\t<div class=\"qodef-shortcode qodef-m  qodef-section-title qodef-alignment--center\">\n\t\t<div class=\"qodef-m-content\">\n\t\t    <span class=\"qodef-m-background-text\" style=\"color: #B9BABD\">\n    MED BRAND    <\/span>\n\n\t\t    <h6 class=\"qodef-m-subtitle\" >\n    Yacht Builder MedYacht    <\/h6>\n\t\t\t<h2 class=\"qodef-m-title\" >\n\t\t\t\t\tFRENCH ENGINEERING AND DESIGN\t\t\t<\/h2>\n\t\t\t<\/div>\n<\/div>\n\t\t\t\t<\/div>\n\t\t\t\t<\/div>\n\t\t\t\t<div class=\"elementor-element elementor-element-dfb36d6 elementor-widget elementor-widget-text-editor\" data-id=\"dfb36d6\" data-element_type=\"widget\" data-widget_type=\"text-editor.default\">\n\t\t\t\t<div class=\"elementor-widget-container\">\n\t\t\t\t\t\t\t\t\t<p>MedYacht boats are distinguished by their exceptional marine performance and quality design. Both the MED42 and 52 are engineered and designed by naval architect Gilles Vaton, with a design by Enrico Gobbi, and are mass-produced exclusively in France. This guarantees efficient, high-quality production for these 42- and 52-foot models.<\/p>\t\t\t\t\t\t\t\t<\/div>\n\t\t\t\t<\/div>\n\t\t\t\t\t<\/div>\n\t\t<\/div>\n\t\t\t\t\t<\/div>\n\t\t<\/section>\n\t\t\t\t<\/div>","protected":false},"excerpt":{"rendered":"<p>LA MARQUE MED MedYacht a lanc\u00e9 sa premi\u00e8re marque de bateaux en 2012 avec le MED48, con\u00e7u par l&rsquo;architecte Gilles Vaton. MARQUE MED MedYacht Construction\u200b de bateaux Les bateaux MED, de la conception au succ\u00e8s En 2011, le premier bateau est pr\u00e9sent\u00e9 au\u00a0Cannes Yachting Festival\u00a0et r\u00e9pond \u00e0 la tendance du yachting sportif et chic de [&hellip;]<\/p>","protected":false},"author":1,"featured_media":0,"parent":0,"menu_order":0,"comment_status":"closed","ping_status":"closed","template":"page-full-width.php","meta":{"footnotes":""},"class_list":["post-5245","page","type-page","status-publish","hentry"],"yoast_head":"<!-- This site is optimized with the Yoast SEO plugin v24.7 - https:\/\/yoast.com\/wordpress\/plugins\/seo\/ -->\n<title>La marque MED : des yachts d&#039;exception \u00e0 vendre ou \u00e0 louer<\/title>\n<meta name=\"description\" content=\"MEDYACHT propose une gamme de bateaux de nouvelle g\u00e9n\u00e9ration, avec des qualit\u00e9s marines et une tenue de mer exceptionnelles.\" \/>\n<meta name=\"robots\" content=\"index, follow, max-snippet:-1, max-image-preview:large, max-video-preview:-1\" \/>\n<link rel=\"canonical\" href=\"https:\/\/www.med-xperience.com\/en\/la-marque\/\" \/>\n<meta property=\"og:locale\" content=\"en_GB\" \/>\n<meta property=\"og:type\" content=\"article\" \/>\n<meta property=\"og:title\" content=\"La marque MED : des yachts d&#039;exception \u00e0 vendre ou \u00e0 louer\" \/>\n<meta property=\"og:description\" content=\"MEDYACHT propose une gamme de bateaux de nouvelle g\u00e9n\u00e9ration, avec des qualit\u00e9s marines et une tenue de mer exceptionnelles.\" \/>\n<meta property=\"og:url\" content=\"https:\/\/www.med-xperience.com\/en\/la-marque\/\" \/>\n<meta property=\"og:site_name\" content=\"MedYacht - medxperience\" \/>\n<meta property=\"article:modified_time\" content=\"2024-06-07T09:45:49+00:00\" \/>\n<meta property=\"og:image\" content=\"https:\/\/www.med-xperience.com\/wp-content\/uploads\/2023\/11\/MED42-3d-768x375.webp\" \/>\n<meta name=\"twitter:card\" content=\"summary_large_image\" \/>\n<meta name=\"twitter:label1\" content=\"Estimated reading time\" \/>\n\t<meta name=\"twitter:data1\" content=\"2 minutes\" \/>\n<script type=\"application\/ld+json\" class=\"yoast-schema-graph\">{\"@context\":\"https:\/\/schema.org\",\"@graph\":[{\"@type\":\"WebPage\",\"@id\":\"https:\/\/www.med-xperience.com\/la-marque\/\",\"url\":\"https:\/\/www.med-xperience.com\/la-marque\/\",\"name\":\"La marque MED : des yachts d'exception \u00e0 vendre ou \u00e0 louer\",\"isPartOf\":{\"@id\":\"https:\/\/www.med-xperience.com\/#website\"},\"primaryImageOfPage\":{\"@id\":\"https:\/\/www.med-xperience.com\/la-marque\/#primaryimage\"},\"image\":{\"@id\":\"https:\/\/www.med-xperience.com\/la-marque\/#primaryimage\"},\"thumbnailUrl\":\"https:\/\/www.med-xperience.com\/wp-content\/uploads\/2023\/11\/MED42-3d-768x375.webp\",\"datePublished\":\"2023-10-06T08:45:37+00:00\",\"dateModified\":\"2024-06-07T09:45:49+00:00\",\"description\":\"MEDYACHT propose une gamme de bateaux de nouvelle g\u00e9n\u00e9ration, avec des qualit\u00e9s marines et une tenue de mer exceptionnelles.\",\"inLanguage\":\"en-GB\",\"potentialAction\":[{\"@type\":\"ReadAction\",\"target\":[\"https:\/\/www.med-xperience.com\/la-marque\/\"]}]},{\"@type\":\"ImageObject\",\"inLanguage\":\"en-GB\",\"@id\":\"https:\/\/www.med-xperience.com\/la-marque\/#primaryimage\",\"url\":\"https:\/\/www.med-xperience.com\/wp-content\/uploads\/2023\/11\/MED42-3d-768x375.webp\",\"contentUrl\":\"https:\/\/www.med-xperience.com\/wp-content\/uploads\/2023\/11\/MED42-3d-768x375.webp\"},{\"@type\":\"WebSite\",\"@id\":\"https:\/\/www.med-xperience.com\/#website\",\"url\":\"https:\/\/www.med-xperience.com\/\",\"name\":\"MedYacht - medxperience\",\"description\":\"\",\"publisher\":{\"@id\":\"https:\/\/www.med-xperience.com\/#organization\"},\"potentialAction\":[{\"@type\":\"SearchAction\",\"target\":{\"@type\":\"EntryPoint\",\"urlTemplate\":\"https:\/\/www.med-xperience.com\/?s={search_term_string}\"},\"query-input\":{\"@type\":\"PropertyValueSpecification\",\"valueRequired\":true,\"valueName\":\"search_term_string\"}}],\"inLanguage\":\"en-GB\"},{\"@type\":\"Organization\",\"@id\":\"https:\/\/www.med-xperience.com\/#organization\",\"name\":\"MedYacht - medxperience\",\"url\":\"https:\/\/www.med-xperience.com\/\",\"logo\":{\"@type\":\"ImageObject\",\"inLanguage\":\"en-GB\",\"@id\":\"https:\/\/www.med-xperience.com\/#\/schema\/logo\/image\/\",\"url\":\"\",\"contentUrl\":\"\",\"caption\":\"MedYacht - medxperience\"},\"image\":{\"@id\":\"https:\/\/www.med-xperience.com\/#\/schema\/logo\/image\/\"}}]}<\/script>\n<!-- \/ Yoast SEO plugin. -->","yoast_head_json":{"title":"La marque MED : des yachts d'exception \u00e0 vendre ou \u00e0 louer","description":"MEDYACHT propose une gamme de bateaux de nouvelle g\u00e9n\u00e9ration, avec des qualit\u00e9s marines et une tenue de mer exceptionnelles.","robots":{"index":"index","follow":"follow","max-snippet":"max-snippet:-1","max-image-preview":"max-image-preview:large","max-video-preview":"max-video-preview:-1"},"canonical":"https:\/\/www.med-xperience.com\/en\/la-marque\/","og_locale":"en_GB","og_type":"article","og_title":"La marque MED : des yachts d'exception \u00e0 vendre ou \u00e0 louer","og_description":"MEDYACHT propose une gamme de bateaux de nouvelle g\u00e9n\u00e9ration, avec des qualit\u00e9s marines et une tenue de mer exceptionnelles.","og_url":"https:\/\/www.med-xperience.com\/en\/la-marque\/","og_site_name":"MedYacht - medxperience","article_modified_time":"2024-06-07T09:45:49+00:00","og_image":[{"url":"https:\/\/www.med-xperience.com\/wp-content\/uploads\/2023\/11\/MED42-3d-768x375.webp","type":"","width":"","height":""}],"twitter_card":"summary_large_image","twitter_misc":{"Estimated reading time":"2 minutes"},"schema":{"@context":"https:\/\/schema.org","@graph":[{"@type":"WebPage","@id":"https:\/\/www.med-xperience.com\/la-marque\/","url":"https:\/\/www.med-xperience.com\/la-marque\/","name":"La marque MED : des yachts d'exception \u00e0 vendre ou \u00e0 louer","isPartOf":{"@id":"https:\/\/www.med-xperience.com\/#website"},"primaryImageOfPage":{"@id":"https:\/\/www.med-xperience.com\/la-marque\/#primaryimage"},"image":{"@id":"https:\/\/www.med-xperience.com\/la-marque\/#primaryimage"},"thumbnailUrl":"https:\/\/www.med-xperience.com\/wp-content\/uploads\/2023\/11\/MED42-3d-768x375.webp","datePublished":"2023-10-06T08:45:37+00:00","dateModified":"2024-06-07T09:45:49+00:00","description":"MEDYACHT propose une gamme de bateaux de nouvelle g\u00e9n\u00e9ration, avec des qualit\u00e9s marines et une tenue de mer exceptionnelles.","inLanguage":"en-GB","potentialAction":[{"@type":"ReadAction","target":["https:\/\/www.med-xperience.com\/la-marque\/"]}]},{"@type":"ImageObject","inLanguage":"en-GB","@id":"https:\/\/www.med-xperience.com\/la-marque\/#primaryimage","url":"https:\/\/www.med-xperience.com\/wp-content\/uploads\/2023\/11\/MED42-3d-768x375.webp","contentUrl":"https:\/\/www.med-xperience.com\/wp-content\/uploads\/2023\/11\/MED42-3d-768x375.webp"},{"@type":"WebSite","@id":"https:\/\/www.med-xperience.com\/#website","url":"https:\/\/www.med-xperience.com\/","name":"MedYacht - medxperience","description":"","publisher":{"@id":"https:\/\/www.med-xperience.com\/#organization"},"potentialAction":[{"@type":"SearchAction","target":{"@type":"EntryPoint","urlTemplate":"https:\/\/www.med-xperience.com\/?s={search_term_string}"},"query-input":{"@type":"PropertyValueSpecification","valueRequired":true,"valueName":"search_term_string"}}],"inLanguage":"en-GB"},{"@type":"Organization","@id":"https:\/\/www.med-xperience.com\/#organization","name":"MedYacht - medxperience","url":"https:\/\/www.med-xperience.com\/","logo":{"@type":"ImageObject","inLanguage":"en-GB","@id":"https:\/\/www.med-xperience.com\/#\/schema\/logo\/image\/","url":"","contentUrl":"","caption":"MedYacht - medxperience"},"image":{"@id":"https:\/\/www.med-xperience.com\/#\/schema\/logo\/image\/"}}]}},"_links":{"self":[{"href":"https:\/\/www.med-xperience.com\/en\/wp-json\/wp\/v2\/pages\/5245","targetHints":{"allow":["GET"]}}],"collection":[{"href":"https:\/\/www.med-xperience.com\/en\/wp-json\/wp\/v2\/pages"}],"about":[{"href":"https:\/\/www.med-xperience.com\/en\/wp-json\/wp\/v2\/types\/page"}],"author":[{"embeddable":true,"href":"https:\/\/www.med-xperience.com\/en\/wp-json\/wp\/v2\/users\/1"}],"replies":[{"embeddable":true,"href":"https:\/\/www.med-xperience.com\/en\/wp-json\/wp\/v2\/comments?post=5245"}],"version-history":[{"count":9,"href":"https:\/\/www.med-xperience.com\/en\/wp-json\/wp\/v2\/pages\/5245\/revisions"}],"predecessor-version":[{"id":7429,"href":"https:\/\/www.med-xperience.com\/en\/wp-json\/wp\/v2\/pages\/5245\/revisions\/7429"}],"wp:attachment":[{"href":"https:\/\/www.med-xperience.com\/en\/wp-json\/wp\/v2\/media?parent=5245"}],"curies":[{"name":"wp","href":"https:\/\/api.w.org\/{rel}","templated":true}]}}