{"id":174,"date":"2021-07-21T15:56:02","date_gmt":"2021-07-21T15:56:02","guid":{"rendered":"https:\/\/seafarer.qodeinteractive.com\/?page_id=174"},"modified":"2024-10-11T10:27:55","modified_gmt":"2024-10-11T08:27:55","slug":"news-presse","status":"publish","type":"page","link":"https:\/\/www.med-xperience.com\/en\/news-presse\/","title":{"rendered":"News &amp; Press"},"content":{"rendered":"<div data-elementor-type=\"wp-page\" data-elementor-id=\"174\" class=\"elementor elementor-174\" data-elementor-post-type=\"page\">\n\t\t\t\t<div class=\"elementor-element elementor-element-22f3708 e-con-full e-flex e-con e-parent\" data-id=\"22f3708\" data-element_type=\"container\">\n\t\t\t\t<div class=\"elementor-element elementor-element-6a76072 elementor-widget elementor-widget-seafarer_core_section_title\" data-id=\"6a76072\" data-element_type=\"widget\" data-widget_type=\"seafarer_core_section_title.default\">\n\t\t\t\t<div class=\"elementor-widget-container\">\n\t\t\t\t\t<div class=\"qodef-shortcode qodef-m  qodef-section-title qodef-alignment--center\">\n\t\t<div class=\"qodef-m-content\">\n\t\t    <span class=\"qodef-m-background-text\" style=\"color: #B9BABD\">\n    NEWS    <\/span>\n\n\t\t    <h6 class=\"qodef-m-subtitle\" style=\"color: #B28C16\">\n    MEDYACHT    <\/h6>\n\t\t\t<h1 class=\"qodef-m-title\" style=\"color: #141315\">\n\t\t\t\t\tNEWS &amp; PRESS\t\t\t<\/h1>\n\t\t\t<\/div>\n<\/div>\n\t\t\t\t<\/div>\n\t\t\t\t<\/div>\n\t\t\t\t<\/div>\n\t\t\t\t<section class=\"elementor-section elementor-top-section elementor-element elementor-element-30c5377 elementor-section-boxed elementor-section-height-default elementor-section-height-default qodef-elementor-content-no\" data-id=\"30c5377\" data-element_type=\"section\">\n\t\t\t\t\t\t<div class=\"elementor-container elementor-column-gap-default\">\n\t\t\t\t\t<div class=\"elementor-column elementor-col-100 elementor-top-column elementor-element elementor-element-6e7f49c\" data-id=\"6e7f49c\" data-element_type=\"column\">\n\t\t\t<div class=\"elementor-widget-wrap elementor-element-populated\">\n\t\t\t\t\t\t<div class=\"elementor-element elementor-element-841181b elementor-widget elementor-widget-seafarer_core_blog_list\" data-id=\"841181b\" data-element_type=\"widget\" data-widget_type=\"seafarer_core_blog_list.default\">\n\t\t\t\t<div class=\"elementor-widget-container\">\n\t\t\t\t\t<div class=\"qodef-shortcode qodef-m  qodef-blog qodef--list qodef-item-layout--standard qodef-grid qodef-layout--columns  qodef-gutter--medium qodef-col-num--2 qodef-item-layout--standard qodef-pagination--on qodef-pagination-type--standard qodef-responsive--predefined\" data-options=\"{&quot;plugin&quot;:&quot;seafarer_core&quot;,&quot;module&quot;:&quot;blog\\\/shortcodes&quot;,&quot;shortcode&quot;:&quot;blog-list&quot;,&quot;post_type&quot;:&quot;post&quot;,&quot;next_page&quot;:&quot;2&quot;,&quot;max_pages_num&quot;:4,&quot;behavior&quot;:&quot;columns&quot;,&quot;images_proportion&quot;:&quot;full&quot;,&quot;columns&quot;:&quot;2&quot;,&quot;columns_responsive&quot;:&quot;predefined&quot;,&quot;space&quot;:&quot;medium&quot;,&quot;posts_per_page&quot;:&quot;4&quot;,&quot;orderby&quot;:&quot;date&quot;,&quot;order&quot;:&quot;DESC&quot;,&quot;layout&quot;:&quot;standard&quot;,&quot;title_tag&quot;:&quot;h2&quot;,&quot;excerpt_length&quot;:&quot;465&quot;,&quot;pagination_type&quot;:&quot;standard&quot;,&quot;object_class_name&quot;:&quot;SeafarerCore_Blog_List_Shortcode&quot;,&quot;taxonomy_filter&quot;:&quot;category&quot;,&quot;additional_query_args&quot;:[],&quot;space_value&quot;:20}\">\n\t\t<div class=\"qodef-grid-inner clear\">\n\t\t<article class=\"qodef-e qodef-blog-item qodef-grid-item qodef-item--full post-7518 post type-post status-publish format-standard has-post-thumbnail hentry category-actualites\">\n\t<div class=\"qodef-e-inner\">\n\t\t<div class=\"qodef-e-media\">\n\t\t<div class=\"qodef-e-media-image\">\n\t\t<span class=\"qodef-m-border--top-left\"><\/span>\n\t\t<span class=\"qodef-m-border--bottom-right\"><\/span>\n\t\t<a itemprop=\"url\" href=\"https:\/\/www.med-xperience.com\/en\/medyacht-sponsor-de-jos-verstappen-et-alain-oreille\/\">\n\t\t\t<img fetchpriority=\"high\" decoding=\"async\" width=\"8256\" height=\"5504\" src=\"https:\/\/www.med-xperience.com\/wp-content\/uploads\/2024\/10\/TOM_8092_ok-min.jpeg\" class=\"attachment-full size-full\" alt=\"\" srcset=\"https:\/\/www.med-xperience.com\/wp-content\/uploads\/2024\/10\/TOM_8092_ok-min.jpeg 8256w, https:\/\/www.med-xperience.com\/wp-content\/uploads\/2024\/10\/TOM_8092_ok-min-300x200.jpeg 300w, https:\/\/www.med-xperience.com\/wp-content\/uploads\/2024\/10\/TOM_8092_ok-min-1024x683.jpeg 1024w, https:\/\/www.med-xperience.com\/wp-content\/uploads\/2024\/10\/TOM_8092_ok-min-768x512.jpeg 768w, https:\/\/www.med-xperience.com\/wp-content\/uploads\/2024\/10\/TOM_8092_ok-min-1536x1024.jpeg 1536w, https:\/\/www.med-xperience.com\/wp-content\/uploads\/2024\/10\/TOM_8092_ok-min-18x12.jpeg 18w\" sizes=\"(max-width: 8256px) 100vw, 8256px\" \/>\t\t<\/a>\n\t<\/div>\n<\/div>\n\t\t<div class=\"qodef-e-content\">\n\t\t\t<div class=\"qodef-e-top-holder\">\n\t\t\t\t<div class=\"qodef-e-info\">\n\t\t\t\t\t<a itemprop=\"dateCreated\" href=\"https:\/\/www.med-xperience.com\/en\/2024\/10\/\" class=\"entry-date\">\n\t7 October 2024<\/a><div class=\"qodef-info-separator-end\"><\/div><a href=\"https:\/\/www.med-xperience.com\/en\/news-presse\/actualites\/\" rel=\"tag\">News<\/a><div class=\"qodef-info-separator-end\"><\/div>\t\t\t\t<\/div>\n\t\t\t<\/div>\n\t\t\t<div class=\"qodef-e-text\">\n\t\t\t\t<h2 itemprop=\"name\" class=\"qodef-e-title entry-title\" >\n\t<a itemprop=\"url\" class=\"qodef-e-title-link\" href=\"https:\/\/www.med-xperience.com\/en\/medyacht-sponsor-de-jos-verstappen-et-alain-oreille\/\">\n\t\tMedYacht, sponsor de Jos Verstappen et Alain Oreille au Tour de Corse Historique 2024\t<\/a>\n<\/h2>\n\t\t<p itemprop=\"description\" class=\"qodef-e-excerpt\">MedYacht se lance dans une nouvelle aventure exaltante en devenant partenaire officiel de la&nbsp;team JOFFROY&nbsp;pour le&nbsp;Tour de Corse Historique 2024. Cette collaboration unique associe le monde de la navigation de luxe au sport automobile, deux univers o\u00f9 la recherche de performance, d\u2019excellence et d\u2019innovation est au c\u0153ur de chaque d\u00e9fi. Une alliance qui repousse les [&hellip;]<\/p>\n\t\t\t\t<\/div>\n\t\t\t<div class=\"qodef-e-bottom-holder\">\n\t\t\t\t<div class=\"qodef-e-left\">\n\t\t\t\t\t\t<div class=\"qodef-e-read-more\">\n\t\t<a class=\"qodef-shortcode qodef-m  qodef-button qodef-layout--textual  qodef-html--link\" href=\"https:\/\/www.med-xperience.com\/en\/medyacht-sponsor-de-jos-verstappen-et-alain-oreille\/\" target=\"_self\"  >\t<span class=\"qodef-m-text\">Read more<\/span>            <span class=\"qodef-m-icon\"> <span class=\"qodef-icon-linear-icons lnr-arrow-right lnr\" ><\/span> <\/span>        <\/a>\t<\/div>\n\t\t\t\t<\/div>\n\t\t\t<\/div>\n\t\t<\/div>\n\t<\/div>\n<\/article>\n<article class=\"qodef-e qodef-blog-item qodef-grid-item qodef-item--full post-6858 post type-post status-publish format-standard has-post-thumbnail hentry category-actualites\">\n\t<div class=\"qodef-e-inner\">\n\t\t<div class=\"qodef-e-media\">\n\t\t<div class=\"qodef-e-media-image\">\n\t\t<span class=\"qodef-m-border--top-left\"><\/span>\n\t\t<span class=\"qodef-m-border--bottom-right\"><\/span>\n\t\t<a itemprop=\"url\" href=\"https:\/\/www.med-xperience.com\/en\/nouveau-yacht-med42\/\">\n\t\t\t<img decoding=\"async\" width=\"1423\" height=\"1008\" src=\"https:\/\/www.med-xperience.com\/wp-content\/uploads\/2023\/12\/MED42-nouveau-yacht.webp\" class=\"attachment-full size-full wp-post-image\" alt=\"MED42, le nouveau yacht de MedYacht.\" srcset=\"https:\/\/www.med-xperience.com\/wp-content\/uploads\/2023\/12\/MED42-nouveau-yacht.webp 1423w, https:\/\/www.med-xperience.com\/wp-content\/uploads\/2023\/12\/MED42-nouveau-yacht-300x213.webp 300w, https:\/\/www.med-xperience.com\/wp-content\/uploads\/2023\/12\/MED42-nouveau-yacht-1024x725.webp 1024w, https:\/\/www.med-xperience.com\/wp-content\/uploads\/2023\/12\/MED42-nouveau-yacht-768x544.webp 768w\" sizes=\"(max-width: 1423px) 100vw, 1423px\" \/>\t\t<\/a>\n\t<\/div>\n<\/div>\n\t\t<div class=\"qodef-e-content\">\n\t\t\t<div class=\"qodef-e-top-holder\">\n\t\t\t\t<div class=\"qodef-e-info\">\n\t\t\t\t\t<a itemprop=\"dateCreated\" href=\"https:\/\/www.med-xperience.com\/en\/2023\/12\/\" class=\"entry-date\">\n\t11 December 2023<\/a><div class=\"qodef-info-separator-end\"><\/div><a href=\"https:\/\/www.med-xperience.com\/en\/news-presse\/actualites\/\" rel=\"tag\">News<\/a><div class=\"qodef-info-separator-end\"><\/div>\t\t\t\t<\/div>\n\t\t\t<\/div>\n\t\t\t<div class=\"qodef-e-text\">\n\t\t\t\t<h2 itemprop=\"name\" class=\"qodef-e-title entry-title\" >\n\t<a itemprop=\"url\" class=\"qodef-e-title-link\" href=\"https:\/\/www.med-xperience.com\/en\/nouveau-yacht-med42\/\">\n\t\tNew - Med 42\t<\/a>\n<\/h2>\n\t\t<p itemprop=\"description\" class=\"qodef-e-excerpt\">The MedYacht Group is pleased to invite you to its Saint-Tropez and Marseille offices for an exclusive preview of the MED42.<\/p>\n\t\t\t\t<\/div>\n\t\t\t<div class=\"qodef-e-bottom-holder\">\n\t\t\t\t<div class=\"qodef-e-left\">\n\t\t\t\t\t\t<div class=\"qodef-e-read-more\">\n\t\t<a class=\"qodef-shortcode qodef-m  qodef-button qodef-layout--textual  qodef-html--link\" href=\"https:\/\/www.med-xperience.com\/en\/nouveau-yacht-med42\/\" target=\"_self\"  >\t<span class=\"qodef-m-text\">Read more<\/span>            <span class=\"qodef-m-icon\"> <span class=\"qodef-icon-linear-icons lnr-arrow-right lnr\" ><\/span> <\/span>        <\/a>\t<\/div>\n\t\t\t\t<\/div>\n\t\t\t<\/div>\n\t\t<\/div>\n\t<\/div>\n<\/article>\n<article class=\"qodef-e qodef-blog-item qodef-grid-item qodef-item--full post-6852 post type-post status-publish format-standard has-post-thumbnail hentry category-actualites\">\n\t<div class=\"qodef-e-inner\">\n\t\t<div class=\"qodef-e-media\">\n\t\t<div class=\"qodef-e-media-image\">\n\t\t<span class=\"qodef-m-border--top-left\"><\/span>\n\t\t<span class=\"qodef-m-border--bottom-right\"><\/span>\n\t\t<a itemprop=\"url\" href=\"https:\/\/www.med-xperience.com\/en\/medyacht-yachting-festival-cannes-2021\/\">\n\t\t\t<img decoding=\"async\" width=\"1423\" height=\"1008\" src=\"https:\/\/www.med-xperience.com\/wp-content\/uploads\/2023\/12\/Yachting-Festival-de-Cannes-2021.webp\" class=\"attachment-full size-full wp-post-image\" alt=\"MedYacht au Yachting Festival de Cannes 2021.\" srcset=\"https:\/\/www.med-xperience.com\/wp-content\/uploads\/2023\/12\/Yachting-Festival-de-Cannes-2021.webp 1423w, https:\/\/www.med-xperience.com\/wp-content\/uploads\/2023\/12\/Yachting-Festival-de-Cannes-2021-300x213.webp 300w, https:\/\/www.med-xperience.com\/wp-content\/uploads\/2023\/12\/Yachting-Festival-de-Cannes-2021-1024x725.webp 1024w, https:\/\/www.med-xperience.com\/wp-content\/uploads\/2023\/12\/Yachting-Festival-de-Cannes-2021-768x544.webp 768w\" sizes=\"(max-width: 1423px) 100vw, 1423px\" \/>\t\t<\/a>\n\t<\/div>\n<\/div>\n\t\t<div class=\"qodef-e-content\">\n\t\t\t<div class=\"qodef-e-top-holder\">\n\t\t\t\t<div class=\"qodef-e-info\">\n\t\t\t\t\t<a itemprop=\"dateCreated\" href=\"https:\/\/www.med-xperience.com\/en\/2023\/12\/\" class=\"entry-date\">\n\t11 December 2023<\/a><div class=\"qodef-info-separator-end\"><\/div><a href=\"https:\/\/www.med-xperience.com\/en\/news-presse\/actualites\/\" rel=\"tag\">News<\/a><div class=\"qodef-info-separator-end\"><\/div>\t\t\t\t<\/div>\n\t\t\t<\/div>\n\t\t\t<div class=\"qodef-e-text\">\n\t\t\t\t<h2 itemprop=\"name\" class=\"qodef-e-title entry-title\" >\n\t<a itemprop=\"url\" class=\"qodef-e-title-link\" href=\"https:\/\/www.med-xperience.com\/en\/medyacht-yachting-festival-cannes-2021\/\">\n\t\tYachting Festival in Cannes 2021\t<\/a>\n<\/h2>\n\t\t<p itemprop=\"description\" class=\"qodef-e-excerpt\">The Cannes Yachting Festival is back at the Vieux Port and Port Canto for a new edition.<\/p>\n\t\t\t\t<\/div>\n\t\t\t<div class=\"qodef-e-bottom-holder\">\n\t\t\t\t<div class=\"qodef-e-left\">\n\t\t\t\t\t\t<div class=\"qodef-e-read-more\">\n\t\t<a class=\"qodef-shortcode qodef-m  qodef-button qodef-layout--textual  qodef-html--link\" href=\"https:\/\/www.med-xperience.com\/en\/medyacht-yachting-festival-cannes-2021\/\" target=\"_self\"  >\t<span class=\"qodef-m-text\">Read more<\/span>            <span class=\"qodef-m-icon\"> <span class=\"qodef-icon-linear-icons lnr-arrow-right lnr\" ><\/span> <\/span>        <\/a>\t<\/div>\n\t\t\t\t<\/div>\n\t\t\t<\/div>\n\t\t<\/div>\n\t<\/div>\n<\/article>\n<article class=\"qodef-e qodef-blog-item qodef-grid-item qodef-item--full post-6846 post type-post status-publish format-standard has-post-thumbnail hentry category-actualites\">\n\t<div class=\"qodef-e-inner\">\n\t\t<div class=\"qodef-e-media\">\n\t\t<div class=\"qodef-e-media-image\">\n\t\t<span class=\"qodef-m-border--top-left\"><\/span>\n\t\t<span class=\"qodef-m-border--bottom-right\"><\/span>\n\t\t<a itemprop=\"url\" href=\"https:\/\/www.med-xperience.com\/en\/medyacht-monaco-yacht-show\/\">\n\t\t\t<img loading=\"lazy\" decoding=\"async\" width=\"1423\" height=\"1008\" src=\"https:\/\/www.med-xperience.com\/wp-content\/uploads\/2023\/12\/MedYacht-Monaco-Yacht-Show.webp\" class=\"attachment-full size-full wp-post-image\" alt=\"MedYacht est au Monaco Yacht Show.\" srcset=\"https:\/\/www.med-xperience.com\/wp-content\/uploads\/2023\/12\/MedYacht-Monaco-Yacht-Show.webp 1423w, https:\/\/www.med-xperience.com\/wp-content\/uploads\/2023\/12\/MedYacht-Monaco-Yacht-Show-300x213.webp 300w, https:\/\/www.med-xperience.com\/wp-content\/uploads\/2023\/12\/MedYacht-Monaco-Yacht-Show-1024x725.webp 1024w, https:\/\/www.med-xperience.com\/wp-content\/uploads\/2023\/12\/MedYacht-Monaco-Yacht-Show-768x544.webp 768w\" sizes=\"(max-width: 1423px) 100vw, 1423px\" \/>\t\t<\/a>\n\t<\/div>\n<\/div>\n\t\t<div class=\"qodef-e-content\">\n\t\t\t<div class=\"qodef-e-top-holder\">\n\t\t\t\t<div class=\"qodef-e-info\">\n\t\t\t\t\t<a itemprop=\"dateCreated\" href=\"https:\/\/www.med-xperience.com\/en\/2023\/12\/\" class=\"entry-date\">\n\t11 December 2023<\/a><div class=\"qodef-info-separator-end\"><\/div><a href=\"https:\/\/www.med-xperience.com\/en\/news-presse\/actualites\/\" rel=\"tag\">News<\/a><div class=\"qodef-info-separator-end\"><\/div>\t\t\t\t<\/div>\n\t\t\t<\/div>\n\t\t\t<div class=\"qodef-e-text\">\n\t\t\t\t<h2 itemprop=\"name\" class=\"qodef-e-title entry-title\" >\n\t<a itemprop=\"url\" class=\"qodef-e-title-link\" href=\"https:\/\/www.med-xperience.com\/en\/medyacht-monaco-yacht-show\/\">\n\t\tMedYacht at the Monaco Yacht Show\t<\/a>\n<\/h2>\n\t\t<p itemprop=\"description\" class=\"qodef-e-excerpt\">Le salon international de super yachts reprend aujourd&#039;hui sa place pour 4 jours exceptionnels plac\u00e9s sous le signe du yachting et du luxe.<\/p>\n\t\t\t\t<\/div>\n\t\t\t<div class=\"qodef-e-bottom-holder\">\n\t\t\t\t<div class=\"qodef-e-left\">\n\t\t\t\t\t\t<div class=\"qodef-e-read-more\">\n\t\t<a class=\"qodef-shortcode qodef-m  qodef-button qodef-layout--textual  qodef-html--link\" href=\"https:\/\/www.med-xperience.com\/en\/medyacht-monaco-yacht-show\/\" target=\"_self\"  >\t<span class=\"qodef-m-text\">Read more<\/span>            <span class=\"qodef-m-icon\"> <span class=\"qodef-icon-linear-icons lnr-arrow-right lnr\" ><\/span> <\/span>        <\/a>\t<\/div>\n\t\t\t\t<\/div>\n\t\t\t<\/div>\n\t\t<\/div>\n\t<\/div>\n<\/article>\n\t<\/div>\n\t\t<div class=\"qodef-m-pagination qodef--standard\">\n\t\t<div class=\"qodef-m-pagination-inner\">\n\t\t\t<nav class=\"qodef-m-pagination-items\">\n\t\t\t\t<a class=\"qodef-m-pagination-item qodef--prev qodef--hide\" href=\"#\" data-paged=\"1\">\n\t\t\t\t\t<svg  xmlns=\"http:\/\/www.w3.org\/2000\/svg\" xmlns:xlink=\"http:\/\/www.w3.org\/1999\/xlink\" x=\"0px\" y=\"0px\" width=\"22.25px\" height=\"41.25px\" viewbox=\"0 0 22.25 41.25\" enable-background=\"new 0 0 22.25 41.25\" xml:space=\"preserve\"><polyline fill=\"none\" stroke=\"#000000\" stroke-linecap=\"round\" stroke-linejoin=\"round\" stroke-miterlimit=\"10\" points=\"21.67,5.45 21.67,0.67 0.67,20.67 21.67,40.67 21.67,35.88 \"\/><\/svg>\t\t\t\t<\/a>\n\t\t\t\t\t\t\t\t\t<a class=\"qodef-m-pagination-item qodef--number qodef--number-1 qodef--active qodef-prev--hidden\" href=\"#\" data-paged=\"1\">1<\/a>\n\t\t\t\t\t\t\t\t\t\t\t\t\t\t<a class=\"qodef-m-pagination-item qodef--number qodef--number-2\" href=\"#\" data-paged=\"2\">2<\/a>\n\t\t\t\t\t\t\t\t\t\t\t\t\t\t<a class=\"qodef-m-pagination-item qodef--number qodef--number-3 qodef--hide\" href=\"#\" data-paged=\"3\">3<\/a>\n\t\t\t\t\t<span class=\"qodef-m-pagination-item qodef--dots\">&hellip;<\/span>\t\t\t\t\t\t\t\t\t<a class=\"qodef-m-pagination-item qodef--number qodef--number-4\" href=\"#\" data-paged=\"4\">4<\/a>\n\t\t\t\t\t\t\t\t\t\t\t\t\t<a class=\"qodef-m-pagination-item qodef--next\" href=\"#\" data-paged=\"2\">\n\t\t\t\t\t<svg  xmlns=\"http:\/\/www.w3.org\/2000\/svg\" xmlns:xlink=\"http:\/\/www.w3.org\/1999\/xlink\" x=\"0px\" y=\"0px\" width=\"22.25px\" height=\"41.25px\" viewbox=\"0 0 22.25 41.25\" enable-background=\"new 0 0 22.25 41.25\" xml:space=\"preserve\"><polyline fill=\"none\" stroke=\"#000000\" stroke-linecap=\"round\" stroke-linejoin=\"round\" stroke-miterlimit=\"10\" points=\"0.67,5.45 0.67,0.67 21.67,20.67 0.67,40.67 0.67,35.88 \"\/><\/svg>\t\t\t\t<\/a>\n\t\t\t<\/nav>\n\t\t<\/div>\n\t<\/div>\n\t<svg class=\"qodef-m-pagination-spinner\" xmlns=\"http:\/\/www.w3.org\/2000\/svg\" width=\"512\" height=\"512\" viewbox=\"0 0 512 512\"><path d=\"M304 48c0 26.51-21.49 48-48 48s-48-21.49-48-48 21.49-48 48-48 48 21.49 48 48zm-48 368c-26.51 0-48 21.49-48 48s21.49 48 48 48 48-21.49 48-48-21.49-48-48-48zm208-208c-26.51 0-48 21.49-48 48s21.49 48 48 48 48-21.49 48-48-21.49-48-48-48zM96 256c0-26.51-21.49-48-48-48S0 229.49 0 256s21.49 48 48 48 48-21.49 48-48zm12.922 99.078c-26.51 0-48 21.49-48 48s21.49 48 48 48 48-21.49 48-48c0-26.509-21.491-48-48-48zm294.156 0c-26.51 0-48 21.49-48 48s21.49 48 48 48 48-21.49 48-48c0-26.509-21.49-48-48-48zM108.922 60.922c-26.51 0-48 21.49-48 48s21.49 48 48 48 48-21.49 48-48-21.491-48-48-48z\"><\/path><\/svg><\/div>\n\t\t\t\t<\/div>\n\t\t\t\t<\/div>\n\t\t\t\t\t<\/div>\n\t\t<\/div>\n\t\t\t\t\t<\/div>\n\t\t<\/section>\n\t\t\t\t<\/div>","protected":false},"excerpt":{"rendered":"<p>NEWS MEDYACHT NEWS &amp; PRESSE 7 octobre 2024Actualit\u00e9s MedYacht, sponsor de Jos Verstappen et Alain Oreille au Tour de Corse Historique 2024 MedYacht se lance dans une nouvelle aventure exaltante en devenant partenaire officiel de la&nbsp;team JOFFROY&nbsp;pour le&nbsp;Tour de Corse Historique 2024. Cette collaboration unique associe le monde de la navigation de luxe au sport [&hellip;]<\/p>","protected":false},"author":1,"featured_media":0,"parent":0,"menu_order":0,"comment_status":"closed","ping_status":"closed","template":"","meta":{"footnotes":""},"class_list":["post-174","page","type-page","status-publish","hentry"],"yoast_head":"<!-- This site is optimized with the Yoast SEO plugin v24.7 - https:\/\/yoast.com\/wordpress\/plugins\/seo\/ -->\n<title>Suivez l&#039;actualit\u00e9 de la marque MED - MEDYACHT<\/title>\n<meta name=\"description\" content=\"Les m\u00e9dias parlent de la marque MED ! D\u00e9couvrez les actualit\u00e9s et la presse parues dans les journaux \u00e0 Saint-Tropez et Marseille.\" \/>\n<meta name=\"robots\" content=\"index, follow, max-snippet:-1, max-image-preview:large, max-video-preview:-1\" \/>\n<link rel=\"canonical\" href=\"https:\/\/www.med-xperience.com\/en\/news-presse\/\" \/>\n<meta property=\"og:locale\" content=\"en_GB\" \/>\n<meta property=\"og:type\" content=\"article\" \/>\n<meta property=\"og:title\" content=\"Suivez l&#039;actualit\u00e9 de la marque MED - MEDYACHT\" \/>\n<meta property=\"og:description\" content=\"Les m\u00e9dias parlent de la marque MED ! D\u00e9couvrez les actualit\u00e9s et la presse parues dans les journaux \u00e0 Saint-Tropez et Marseille.\" \/>\n<meta property=\"og:url\" content=\"https:\/\/www.med-xperience.com\/en\/news-presse\/\" \/>\n<meta property=\"og:site_name\" content=\"MedYacht - medxperience\" \/>\n<meta property=\"article:modified_time\" content=\"2024-10-11T08:27:55+00:00\" \/>\n<meta property=\"og:image\" content=\"https:\/\/www.med-xperience.com\/wp-content\/uploads\/2024\/10\/TOM_8092_ok-min.jpeg\" \/>\n<meta name=\"twitter:card\" content=\"summary_large_image\" \/>\n<meta name=\"twitter:label1\" content=\"Estimated reading time\" \/>\n\t<meta name=\"twitter:data1\" content=\"2 minutes\" \/>\n<script type=\"application\/ld+json\" class=\"yoast-schema-graph\">{\"@context\":\"https:\/\/schema.org\",\"@graph\":[{\"@type\":\"WebPage\",\"@id\":\"https:\/\/www.med-xperience.com\/news-presse\/\",\"url\":\"https:\/\/www.med-xperience.com\/news-presse\/\",\"name\":\"Suivez l'actualit\u00e9 de la marque MED - MEDYACHT\",\"isPartOf\":{\"@id\":\"https:\/\/www.med-xperience.com\/#website\"},\"primaryImageOfPage\":{\"@id\":\"https:\/\/www.med-xperience.com\/news-presse\/#primaryimage\"},\"image\":{\"@id\":\"https:\/\/www.med-xperience.com\/news-presse\/#primaryimage\"},\"thumbnailUrl\":\"https:\/\/www.med-xperience.com\/wp-content\/uploads\/2024\/10\/TOM_8092_ok-min.jpeg\",\"datePublished\":\"2021-07-21T15:56:02+00:00\",\"dateModified\":\"2024-10-11T08:27:55+00:00\",\"description\":\"Les m\u00e9dias parlent de la marque MED ! D\u00e9couvrez les actualit\u00e9s et la presse parues dans les journaux \u00e0 Saint-Tropez et Marseille.\",\"inLanguage\":\"en-GB\",\"potentialAction\":[{\"@type\":\"ReadAction\",\"target\":[\"https:\/\/www.med-xperience.com\/news-presse\/\"]}]},{\"@type\":\"ImageObject\",\"inLanguage\":\"en-GB\",\"@id\":\"https:\/\/www.med-xperience.com\/news-presse\/#primaryimage\",\"url\":\"https:\/\/www.med-xperience.com\/wp-content\/uploads\/2024\/10\/TOM_8092_ok-min.jpeg\",\"contentUrl\":\"https:\/\/www.med-xperience.com\/wp-content\/uploads\/2024\/10\/TOM_8092_ok-min.jpeg\"},{\"@type\":\"WebSite\",\"@id\":\"https:\/\/www.med-xperience.com\/#website\",\"url\":\"https:\/\/www.med-xperience.com\/\",\"name\":\"MedYacht - medxperience\",\"description\":\"\",\"publisher\":{\"@id\":\"https:\/\/www.med-xperience.com\/#organization\"},\"potentialAction\":[{\"@type\":\"SearchAction\",\"target\":{\"@type\":\"EntryPoint\",\"urlTemplate\":\"https:\/\/www.med-xperience.com\/?s={search_term_string}\"},\"query-input\":{\"@type\":\"PropertyValueSpecification\",\"valueRequired\":true,\"valueName\":\"search_term_string\"}}],\"inLanguage\":\"en-GB\"},{\"@type\":\"Organization\",\"@id\":\"https:\/\/www.med-xperience.com\/#organization\",\"name\":\"MedYacht - medxperience\",\"url\":\"https:\/\/www.med-xperience.com\/\",\"logo\":{\"@type\":\"ImageObject\",\"inLanguage\":\"en-GB\",\"@id\":\"https:\/\/www.med-xperience.com\/#\/schema\/logo\/image\/\",\"url\":\"\",\"contentUrl\":\"\",\"caption\":\"MedYacht - medxperience\"},\"image\":{\"@id\":\"https:\/\/www.med-xperience.com\/#\/schema\/logo\/image\/\"}}]}<\/script>\n<!-- \/ Yoast SEO plugin. -->","yoast_head_json":{"title":"Suivez l'actualit\u00e9 de la marque MED - MEDYACHT","description":"Les m\u00e9dias parlent de la marque MED ! D\u00e9couvrez les actualit\u00e9s et la presse parues dans les journaux \u00e0 Saint-Tropez et Marseille.","robots":{"index":"index","follow":"follow","max-snippet":"max-snippet:-1","max-image-preview":"max-image-preview:large","max-video-preview":"max-video-preview:-1"},"canonical":"https:\/\/www.med-xperience.com\/en\/news-presse\/","og_locale":"en_GB","og_type":"article","og_title":"Suivez l'actualit\u00e9 de la marque MED - MEDYACHT","og_description":"Les m\u00e9dias parlent de la marque MED ! D\u00e9couvrez les actualit\u00e9s et la presse parues dans les journaux \u00e0 Saint-Tropez et Marseille.","og_url":"https:\/\/www.med-xperience.com\/en\/news-presse\/","og_site_name":"MedYacht - medxperience","article_modified_time":"2024-10-11T08:27:55+00:00","og_image":[{"url":"https:\/\/www.med-xperience.com\/wp-content\/uploads\/2024\/10\/TOM_8092_ok-min.jpeg","type":"","width":"","height":""}],"twitter_card":"summary_large_image","twitter_misc":{"Estimated reading time":"2 minutes"},"schema":{"@context":"https:\/\/schema.org","@graph":[{"@type":"WebPage","@id":"https:\/\/www.med-xperience.com\/news-presse\/","url":"https:\/\/www.med-xperience.com\/news-presse\/","name":"Suivez l'actualit\u00e9 de la marque MED - MEDYACHT","isPartOf":{"@id":"https:\/\/www.med-xperience.com\/#website"},"primaryImageOfPage":{"@id":"https:\/\/www.med-xperience.com\/news-presse\/#primaryimage"},"image":{"@id":"https:\/\/www.med-xperience.com\/news-presse\/#primaryimage"},"thumbnailUrl":"https:\/\/www.med-xperience.com\/wp-content\/uploads\/2024\/10\/TOM_8092_ok-min.jpeg","datePublished":"2021-07-21T15:56:02+00:00","dateModified":"2024-10-11T08:27:55+00:00","description":"Les m\u00e9dias parlent de la marque MED ! D\u00e9couvrez les actualit\u00e9s et la presse parues dans les journaux \u00e0 Saint-Tropez et Marseille.","inLanguage":"en-GB","potentialAction":[{"@type":"ReadAction","target":["https:\/\/www.med-xperience.com\/news-presse\/"]}]},{"@type":"ImageObject","inLanguage":"en-GB","@id":"https:\/\/www.med-xperience.com\/news-presse\/#primaryimage","url":"https:\/\/www.med-xperience.com\/wp-content\/uploads\/2024\/10\/TOM_8092_ok-min.jpeg","contentUrl":"https:\/\/www.med-xperience.com\/wp-content\/uploads\/2024\/10\/TOM_8092_ok-min.jpeg"},{"@type":"WebSite","@id":"https:\/\/www.med-xperience.com\/#website","url":"https:\/\/www.med-xperience.com\/","name":"MedYacht - medxperience","description":"","publisher":{"@id":"https:\/\/www.med-xperience.com\/#organization"},"potentialAction":[{"@type":"SearchAction","target":{"@type":"EntryPoint","urlTemplate":"https:\/\/www.med-xperience.com\/?s={search_term_string}"},"query-input":{"@type":"PropertyValueSpecification","valueRequired":true,"valueName":"search_term_string"}}],"inLanguage":"en-GB"},{"@type":"Organization","@id":"https:\/\/www.med-xperience.com\/#organization","name":"MedYacht - medxperience","url":"https:\/\/www.med-xperience.com\/","logo":{"@type":"ImageObject","inLanguage":"en-GB","@id":"https:\/\/www.med-xperience.com\/#\/schema\/logo\/image\/","url":"","contentUrl":"","caption":"MedYacht - medxperience"},"image":{"@id":"https:\/\/www.med-xperience.com\/#\/schema\/logo\/image\/"}}]}},"_links":{"self":[{"href":"https:\/\/www.med-xperience.com\/en\/wp-json\/wp\/v2\/pages\/174","targetHints":{"allow":["GET"]}}],"collection":[{"href":"https:\/\/www.med-xperience.com\/en\/wp-json\/wp\/v2\/pages"}],"about":[{"href":"https:\/\/www.med-xperience.com\/en\/wp-json\/wp\/v2\/types\/page"}],"author":[{"embeddable":true,"href":"https:\/\/www.med-xperience.com\/en\/wp-json\/wp\/v2\/users\/1"}],"replies":[{"embeddable":true,"href":"https:\/\/www.med-xperience.com\/en\/wp-json\/wp\/v2\/comments?post=174"}],"version-history":[{"count":3,"href":"https:\/\/www.med-xperience.com\/en\/wp-json\/wp\/v2\/pages\/174\/revisions"}],"predecessor-version":[{"id":7532,"href":"https:\/\/www.med-xperience.com\/en\/wp-json\/wp\/v2\/pages\/174\/revisions\/7532"}],"wp:attachment":[{"href":"https:\/\/www.med-xperience.com\/en\/wp-json\/wp\/v2\/media?parent=174"}],"curies":[{"name":"wp","href":"https:\/\/api.w.org\/{rel}","templated":true}]}}